{"id":7188,"date":"2025-12-16T20:44:50","date_gmt":"2025-12-16T20:44:50","guid":{"rendered":"https:\/\/aceroestudio.com\/?page_id=7188"},"modified":"2026-01-19T18:54:16","modified_gmt":"2026-01-19T18:54:16","slug":"kontakt","status":"publish","type":"page","link":"https:\/\/aceroestudio.com\/sv\/kontakt\/","title":{"rendered":"Kontakt"},"content":{"rendered":"<div class=\"wpb-content-wrapper\">[vc_row bg_type=&#8221;bg_color&#8221; css=&#8221;.vc_custom_1706189661073{padding-top: 8% !important;padding-right: 10% !important;padding-bottom: 8% !important;padding-left: 10% !important;background-color: #86261f !important;}&#8221; bg_color_value=&#8221;#86261f&#8221;][vc_column][vc_row_inner][vc_column_inner width=&#8221;1\/2&#8243;][vc_column_text css_animation=&#8221;fadeIn&#8221;]\n<h1 style=\"text-align: left; font-size: 35px; color: #fff;\">Kontakt<\/h1>\n[\/vc_column_text][vc_column_text]\n<p style=\"color: #efefef;\">Fyll i kontaktformul\u00e4ret med dina uppgifter och information om projektet eller den tj\u00e4nst du beh\u00f6ver. Vi kontaktar dig s\u00e5 snart som m\u00f6jligt.<\/p>\n<p style=\"color: #efefef;\">Om du vill kan du l\u00e4sa mer om v\u00e5ra tj\u00e4nster:<\/p>\n<ul style=\"color: #efefef;\">\n<li>Topografitj\u00e4nster<\/li>\n<li>Topografisk m\u00e4tning<\/li>\n<li>Fotogrammetri med dr\u00f6nare<\/li>\n<li>Topografi med dr\u00f6nare<\/li>\n<li>LiDAR-tj\u00e4nster<\/li>\n<li>3D-laserskanning<\/li>\n<li>BIM-konsulttj\u00e4nster<\/li>\n<li>BIM-modellering<\/li>\n<li>Topografif\u00f6retag<\/li>\n<\/ul>\n<p style=\"color: #efefef;\">Valencia (Spanien)<br \/>\nCalle Botiguers 5, 46980 Paterna, Valencia<br \/>\nTel.: +34 963379694<br \/>\ninfo@aceroestudio.com<\/p>\n<p style=\"color: #efefef;\">Lima (Peru)<br \/>\nCalle Enrique Palacios 420, kontor 602, Miraflores, Lima<br \/>\nTel.: +51 (01) 5552863<br \/>\nlatam@aceroestudio.com<\/p>\n<p style=\"color: #efefef;\">INFORMATIONSDOSSIER<\/p>\n[\/vc_column_text][\/vc_column_inner][vc_column_inner width=&#8221;1\/2&#8243;]\n                <div class='gf_browser_gecko gform_wrapper gravity-theme' id='gform_wrapper_7' ><form method='post' enctype='multipart\/form-data'  id='gform_7'  action='\/sv\/wp-json\/wp\/v2\/pages\/7188' novalidate>\n                        <div class='gform_body gform-body'><div id='gform_fields_7' class='gform_fields top_label form_sublabel_below description_below'><div id=\"field_7_1\" class=\"gfield gfield--width-half gfield_contains_required field_sublabel_below field_description_below gfield_visibility_visible\" ><label class='gfield_label screen-reader-text' for='input_7_1' ><span class=\"gfield_required\"><span class=\"gfield_required gfield_required_text\">(Required)<\/span><\/span><\/label><div class='ginput_container ginput_container_text'><input name='input_1' id='input_7_1' type='text' value='Namn' class='large'     aria-required=\"true\" aria-invalid=\"false\"   \/> <\/div><\/div><div id=\"field_7_6\" class=\"gfield gfield--width-half field_sublabel_below field_description_below gfield_visibility_visible\" ><label class='gfield_label screen-reader-text' for='input_7_6' ><\/label><div class='ginput_container ginput_container_phone'><input name='input_6' id='input_7_6' type='tel' value='Telefon' class='large'    aria-invalid=\"false\"   \/><\/div><\/div><div id=\"field_7_4\" class=\"gfield gfield--width-half field_sublabel_below field_description_below gfield_visibility_visible\" ><label class='gfield_label screen-reader-text' for='input_7_4' ><\/label><div class='ginput_container ginput_container_text'><input name='input_4' id='input_7_4' type='text' value='Stad' class='large'      aria-invalid=\"false\"   \/> <\/div><\/div><div id=\"field_7_7\" class=\"gfield gfield--width-half gfield_contains_required field_sublabel_below field_description_below gfield_visibility_visible\" ><label class='gfield_label screen-reader-text' for='input_7_7' ><span class=\"gfield_required\"><span class=\"gfield_required gfield_required_text\">(Required)<\/span><\/span><\/label><div class='ginput_container ginput_container_email'>\n                            <input name='input_7' id='input_7_7' type='email' value='E-post' class='large'    aria-required=\"true\" aria-invalid=\"false\"  \/>\n                        <\/div><\/div><div id=\"field_7_14\" class=\"gfield gfield--width-full field_sublabel_below field_description_below gfield_visibility_visible\" ><label class='gfield_label screen-reader-text' for='input_7_14' ><\/label><div class='ginput_container ginput_container_textarea'><textarea name='input_14' id='input_7_14' class='textarea large'      aria-invalid=\"false\"   rows='10' cols='50'>Meddelande<\/textarea><\/div><\/div><div id=\"field_7_13\" class=\"gfield gfield--width-full field_sublabel_below field_description_below gfield_visibility_visible\" ><label class='gfield_label' for='input_7_13' >Vill du bifoga n\u00e5gon fil?<\/label><div class='ginput_container ginput_container_fileupload'><input type='hidden' name='MAX_FILE_SIZE' value='2097152' \/><input name='input_13' id='input_7_13' type='file' class='large' aria-describedby=\"gfield_upload_rules_7_13\" onchange='javascript:gformValidateFileSize( this, 2097152 );'  \/><span class='gform_fileupload_rules' id='gfield_upload_rules_7_13'>Max. file size: 2 MB.<\/span><div class='validation_message validation_message--hidden-on-empty' id='live_validation_message_7_13'><\/div><\/div><\/div><fieldset id=\"field_7_10\" class=\"gfield gfield_contains_required field_sublabel_below field_description_below hidden_label gfield_visibility_visible\" ><legend class='gfield_label gfield_label_before_complex'  >Consentimiento<span class=\"gfield_required\"><span class=\"gfield_required gfield_required_text\">(Required)<\/span><\/span><\/legend><div class='ginput_container ginput_container_consent'><input name='input_10.1' id='input_7_10_1' type='checkbox' value='1'   aria-required=\"true\" aria-invalid=\"false\"   \/> <label class=\"gfield_consent_label\" for='input_7_10_1' >Jag har l\u00e4st och accepterar informationen om dataskydd.<\/label><span class=\"gfield_required gfield_required_text\">(Required)<\/span><input type='hidden' name='input_10.2' value='Jag har l\u00e4st och accepterar informationen om dataskydd.' class='gform_hidden' \/><input type='hidden' name='input_10.3' value='5' class='gform_hidden' \/><\/div><\/fieldset><div id=\"field_7_11\" class=\"gfield gfield--width-full field_sublabel_below field_description_below hidden_label gfield_visibility_visible\" ><label class='gfield_label' for='input_7_11' >CAPTCHA<\/label><div id='input_7_11' class='ginput_container ginput_recaptcha' data-sitekey='6LcR4xoaAAAAAKhGyxVgSHhxip-Gn7Ghc0Rou8Kr'  data-theme='light' data-tabindex='0'  data-badge=''><\/div><\/div><div id=\"field_7_15\" class=\"gfield gform_validation_container field_sublabel_below field_description_below gfield_visibility_visible\" ><label class='gfield_label' for='input_7_15' >Comments<\/label><div class='ginput_container'><input name='input_15' id='input_7_15' type='text' value='' autocomplete='new-password'\/><\/div><div class='gfield_description' id='gfield_description_7_15'>This field is for validation purposes and should be left unchanged.<\/div><\/div><\/div><\/div>\n        <div class='gform_footer top_label'> <input type='submit' id='gform_submit_button_7' class='gform_button button' value='Skicka'  onclick='if(window[\"gf_submitting_7\"]){return false;}  if( !jQuery(\"#gform_7\")[0].checkValidity || jQuery(\"#gform_7\")[0].checkValidity()){window[\"gf_submitting_7\"]=true;}  ' onkeypress='if( event.keyCode == 13 ){ if(window[\"gf_submitting_7\"]){return false;} if( !jQuery(\"#gform_7\")[0].checkValidity || jQuery(\"#gform_7\")[0].checkValidity()){window[\"gf_submitting_7\"]=true;}  jQuery(\"#gform_7\").trigger(\"submit\",[true]); }' \/> \n            <input type='hidden' class='gform_hidden' name='is_submit_7' value='1' \/>\n            <input type='hidden' class='gform_hidden' name='gform_submit' value='7' \/>\n            \n            <input type='hidden' class='gform_hidden' name='gform_unique_id' value='' \/>\n            <input type='hidden' class='gform_hidden' name='state_7' value='WyJ7XCIxMC4xXCI6XCJlYjAwODRmYjI0NWNlY2U1M2Y4YjVjN2VjNWJkYjkyMVwiLFwiMTAuMlwiOlwiZmE1MjliNjhiZGFkZWE1MTRiNzVkYWJjMmY0ZjM4YjZcIixcIjEwLjNcIjpcIjNmYjE5N2Y3NWQyMWJiZmFhY2MwYzBiNWJhZjg0MDlkXCJ9IiwiNTMzNjhhNzJhYTllMzc1MDU5ZGE2M2EzNGMyYzBjYTgiXQ==' \/>\n            <input type='hidden' class='gform_hidden' name='gform_target_page_number_7' id='gform_target_page_number_7' value='0' \/>\n            <input type='hidden' class='gform_hidden' name='gform_source_page_number_7' id='gform_source_page_number_7' value='1' \/>\n            <input type='hidden' name='gform_field_values' value='' \/>\n            \n        <\/div>\n                        <\/form>\n                        <\/div>[\/vc_column_inner][\/vc_row_inner][\/vc_column][\/vc_row][vc_row][vc_column][\/vc_column][\/vc_row]\n<\/div>","protected":false},"excerpt":{"rendered":"[vc_row bg_type=&#8221;bg_color&#8221; css=&#8221;.vc_custom_1706189661073{padding-top: 8% !important;padding-right: 10% !important;padding-bottom: 8% !important;padding-left: 10% !important;background-color: #86261f !important;}&#8221; bg_color_value=&#8221;#86261f&#8221;][vc_column][vc_row_inner][vc_column_inner width=&#8221;1\/2&#8243;][vc_column_text css_animation=&#8221;fadeIn&#8221;] Kontakt [\/vc_column_text][vc_column_text] Fyll i kontaktformul\u00e4ret med dina uppgifter och information om projektet eller den tj\u00e4nst du beh\u00f6ver. Vi kontaktar dig s\u00e5 snart som m\u00f6jligt. Om du vill kan du l\u00e4sa mer om v\u00e5ra tj\u00e4nster: Topografitj\u00e4nster Topografisk m\u00e4tning Fotogrammetri med dr\u00f6nare Topografi med dr\u00f6nare LiDAR-tj\u00e4nster 3D-laserskanning BIM-konsulttj\u00e4nster BIM-modellering Topografif\u00f6retag Valencia (Spanien) Calle Botiguers 5, 46980 Paterna, Valencia Tel.: +34 963379694 info@aceroestudio.com Lima (Peru) Calle Enrique Palacios 420, kontor 602, Miraflores, Lima Tel.: +51 (01) 5552863 latam@aceroestudio.com INFORMATIONSDOSSIER [\/vc_column_text][\/vc_column_inner][vc_column_inner width=&#8221;1\/2&#8243;][\/vc_column_inner][\/vc_row_inner][\/vc_column][\/vc_row][vc_row][vc_column][\/vc_column][\/vc_row]\n","protected":false},"author":12,"featured_media":0,"parent":0,"menu_order":0,"comment_status":"closed","ping_status":"closed","template":"page-blank.php","meta":{"_joinchat":[],"footnotes":""},"class_list":["post-7188","page","type-page","status-publish","hentry"],"yoast_head":"<!-- This site is optimized with the Yoast SEO plugin v27.0 - https:\/\/yoast.com\/product\/yoast-seo-wordpress\/ -->\n<title>Kontakt Acero Estudio<\/title>\n<meta name=\"description\" content=\"Fyll i kontaktformul\u00e4ret med dina uppgifter och information om de tj\u00e4nster du beh\u00f6ver, s\u00e5 kontaktar vi dig.\" \/>\n<meta name=\"robots\" content=\"index, follow, max-snippet:-1, max-image-preview:large, max-video-preview:-1\" \/>\n<link rel=\"canonical\" href=\"https:\/\/aceroestudio.com\/sv\/kontakt\/\" \/>\n<meta property=\"og:locale\" content=\"sv_SE\" \/>\n<meta property=\"og:type\" content=\"article\" \/>\n<meta property=\"og:title\" content=\"Kontakt Acero Estudio\" \/>\n<meta property=\"og:description\" content=\"Fyll i kontaktformul\u00e4ret med dina uppgifter och information om de tj\u00e4nster du beh\u00f6ver, s\u00e5 kontaktar vi dig.\" \/>\n<meta property=\"og:url\" content=\"https:\/\/aceroestudio.com\/sv\/kontakt\/\" \/>\n<meta property=\"og:site_name\" content=\"Acero Estudio\" \/>\n<meta property=\"article:modified_time\" content=\"2026-01-19T18:54:16+00:00\" \/>\n<meta name=\"twitter:card\" content=\"summary_large_image\" \/>\n<meta name=\"twitter:label1\" content=\"Ber\u00e4knad l\u00e4stid\" \/>\n\t<meta name=\"twitter:data1\" content=\"1 minut\" \/>\n<script type=\"application\/ld+json\" class=\"yoast-schema-graph\">{\"@context\":\"https:\/\/schema.org\",\"@graph\":[{\"@type\":\"WebPage\",\"@id\":\"https:\/\/aceroestudio.com\/sv\/kontakt\/\",\"url\":\"https:\/\/aceroestudio.com\/sv\/kontakt\/\",\"name\":\"Kontakt Acero Estudio\",\"isPartOf\":{\"@id\":\"https:\/\/aceroestudio.com\/#website\"},\"datePublished\":\"2025-12-16T20:44:50+00:00\",\"dateModified\":\"2026-01-19T18:54:16+00:00\",\"description\":\"Fyll i kontaktformul\u00e4ret med dina uppgifter och information om de tj\u00e4nster du beh\u00f6ver, s\u00e5 kontaktar vi dig.\",\"breadcrumb\":{\"@id\":\"https:\/\/aceroestudio.com\/sv\/kontakt\/#breadcrumb\"},\"inLanguage\":\"sv-SE\",\"potentialAction\":[{\"@type\":\"ReadAction\",\"target\":[\"https:\/\/aceroestudio.com\/sv\/kontakt\/\"]}]},{\"@type\":\"BreadcrumbList\",\"@id\":\"https:\/\/aceroestudio.com\/sv\/kontakt\/#breadcrumb\",\"itemListElement\":[{\"@type\":\"ListItem\",\"position\":1,\"name\":\"Portada\",\"item\":\"https:\/\/aceroestudio.com\/\"},{\"@type\":\"ListItem\",\"position\":2,\"name\":\"Kontakt\"}]},{\"@type\":\"WebSite\",\"@id\":\"https:\/\/aceroestudio.com\/#website\",\"url\":\"https:\/\/aceroestudio.com\/\",\"name\":\"Acero Estudio\",\"description\":\"Laser Scanning, BIM, CAD, Topograf\u00eda, Dron y Gemelo Digital.\",\"publisher\":{\"@id\":\"https:\/\/aceroestudio.com\/#organization\"},\"potentialAction\":[{\"@type\":\"SearchAction\",\"target\":{\"@type\":\"EntryPoint\",\"urlTemplate\":\"https:\/\/aceroestudio.com\/?s={search_term_string}\"},\"query-input\":{\"@type\":\"PropertyValueSpecification\",\"valueRequired\":true,\"valueName\":\"search_term_string\"}}],\"inLanguage\":\"sv-SE\"},{\"@type\":\"Organization\",\"@id\":\"https:\/\/aceroestudio.com\/#organization\",\"name\":\"ACERO ESTUDIO\",\"url\":\"https:\/\/aceroestudio.com\/\",\"logo\":{\"@type\":\"ImageObject\",\"inLanguage\":\"sv-SE\",\"@id\":\"https:\/\/aceroestudio.com\/#\/schema\/logo\/image\/\",\"url\":\"https:\/\/aceroestudio.com\/wp-content\/uploads\/2020\/08\/ACERO-V1.png\",\"contentUrl\":\"https:\/\/aceroestudio.com\/wp-content\/uploads\/2020\/08\/ACERO-V1.png\",\"width\":736,\"height\":238,\"caption\":\"ACERO ESTUDIO\"},\"image\":{\"@id\":\"https:\/\/aceroestudio.com\/#\/schema\/logo\/image\/\"}}]}<\/script>\n<!-- \/ Yoast SEO plugin. -->","yoast_head_json":{"title":"Kontakt Acero Estudio","description":"Fyll i kontaktformul\u00e4ret med dina uppgifter och information om de tj\u00e4nster du beh\u00f6ver, s\u00e5 kontaktar vi dig.","robots":{"index":"index","follow":"follow","max-snippet":"max-snippet:-1","max-image-preview":"max-image-preview:large","max-video-preview":"max-video-preview:-1"},"canonical":"https:\/\/aceroestudio.com\/sv\/kontakt\/","og_locale":"sv_SE","og_type":"article","og_title":"Kontakt Acero Estudio","og_description":"Fyll i kontaktformul\u00e4ret med dina uppgifter och information om de tj\u00e4nster du beh\u00f6ver, s\u00e5 kontaktar vi dig.","og_url":"https:\/\/aceroestudio.com\/sv\/kontakt\/","og_site_name":"Acero Estudio","article_modified_time":"2026-01-19T18:54:16+00:00","twitter_card":"summary_large_image","twitter_misc":{"Ber\u00e4knad l\u00e4stid":"1 minut"},"schema":{"@context":"https:\/\/schema.org","@graph":[{"@type":"WebPage","@id":"https:\/\/aceroestudio.com\/sv\/kontakt\/","url":"https:\/\/aceroestudio.com\/sv\/kontakt\/","name":"Kontakt Acero Estudio","isPartOf":{"@id":"https:\/\/aceroestudio.com\/#website"},"datePublished":"2025-12-16T20:44:50+00:00","dateModified":"2026-01-19T18:54:16+00:00","description":"Fyll i kontaktformul\u00e4ret med dina uppgifter och information om de tj\u00e4nster du beh\u00f6ver, s\u00e5 kontaktar vi dig.","breadcrumb":{"@id":"https:\/\/aceroestudio.com\/sv\/kontakt\/#breadcrumb"},"inLanguage":"sv-SE","potentialAction":[{"@type":"ReadAction","target":["https:\/\/aceroestudio.com\/sv\/kontakt\/"]}]},{"@type":"BreadcrumbList","@id":"https:\/\/aceroestudio.com\/sv\/kontakt\/#breadcrumb","itemListElement":[{"@type":"ListItem","position":1,"name":"Portada","item":"https:\/\/aceroestudio.com\/"},{"@type":"ListItem","position":2,"name":"Kontakt"}]},{"@type":"WebSite","@id":"https:\/\/aceroestudio.com\/#website","url":"https:\/\/aceroestudio.com\/","name":"Acero Estudio","description":"Laser Scanning, BIM, CAD, Topograf\u00eda, Dron y Gemelo Digital.","publisher":{"@id":"https:\/\/aceroestudio.com\/#organization"},"potentialAction":[{"@type":"SearchAction","target":{"@type":"EntryPoint","urlTemplate":"https:\/\/aceroestudio.com\/?s={search_term_string}"},"query-input":{"@type":"PropertyValueSpecification","valueRequired":true,"valueName":"search_term_string"}}],"inLanguage":"sv-SE"},{"@type":"Organization","@id":"https:\/\/aceroestudio.com\/#organization","name":"ACERO ESTUDIO","url":"https:\/\/aceroestudio.com\/","logo":{"@type":"ImageObject","inLanguage":"sv-SE","@id":"https:\/\/aceroestudio.com\/#\/schema\/logo\/image\/","url":"https:\/\/aceroestudio.com\/wp-content\/uploads\/2020\/08\/ACERO-V1.png","contentUrl":"https:\/\/aceroestudio.com\/wp-content\/uploads\/2020\/08\/ACERO-V1.png","width":736,"height":238,"caption":"ACERO ESTUDIO"},"image":{"@id":"https:\/\/aceroestudio.com\/#\/schema\/logo\/image\/"}}]}},"_links":{"self":[{"href":"https:\/\/aceroestudio.com\/sv\/wp-json\/wp\/v2\/pages\/7188","targetHints":{"allow":["GET"]}}],"collection":[{"href":"https:\/\/aceroestudio.com\/sv\/wp-json\/wp\/v2\/pages"}],"about":[{"href":"https:\/\/aceroestudio.com\/sv\/wp-json\/wp\/v2\/types\/page"}],"author":[{"embeddable":true,"href":"https:\/\/aceroestudio.com\/sv\/wp-json\/wp\/v2\/users\/12"}],"replies":[{"embeddable":true,"href":"https:\/\/aceroestudio.com\/sv\/wp-json\/wp\/v2\/comments?post=7188"}],"version-history":[{"count":7,"href":"https:\/\/aceroestudio.com\/sv\/wp-json\/wp\/v2\/pages\/7188\/revisions"}],"predecessor-version":[{"id":7246,"href":"https:\/\/aceroestudio.com\/sv\/wp-json\/wp\/v2\/pages\/7188\/revisions\/7246"}],"wp:attachment":[{"href":"https:\/\/aceroestudio.com\/sv\/wp-json\/wp\/v2\/media?parent=7188"}],"curies":[{"name":"wp","href":"https:\/\/api.w.org\/{rel}","templated":true}]}}