{"id":7207,"date":"2025-12-22T22:25:48","date_gmt":"2025-12-22T22:25:48","guid":{"rendered":"https:\/\/aceroestudio.com\/?page_id=7207"},"modified":"2025-12-22T22:46:18","modified_gmt":"2025-12-22T22:46:18","slug":"projekt","status":"publish","type":"page","link":"https:\/\/aceroestudio.com\/sv\/projekt\/","title":{"rendered":"Projekt"},"content":{"rendered":"<div class=\"wpb-content-wrapper\">[vc_row css=&#8221;.vc_custom_1764807125646{padding-top: 60px !important;padding-right: 12% !important;padding-bottom: 40px !important;padding-left: 12% !important;}&#8221;][vc_column width=&#8221;1\/6&#8243;][\/vc_column][vc_column width=&#8221;2\/3&#8243;][vc_column_text]\n<h1 style=\"text-align: center;\"><strong style=\"font-size: 35px;\">Genomf\u00f6rda projekt<\/strong><\/h1>\n<p style=\"text-align: justify;\">L\u00e4r dig mer om v\u00e5ra projekt utvecklade inom BIM-konsulttj\u00e4nster, topografitj\u00e4nster och fotogrammetri med dr\u00f6nare.<\/p>\n[\/vc_column_text][\/vc_column][vc_column width=&#8221;1\/6&#8243;][\/vc_column][\/vc_row][vc_row css=&#8221;.vc_custom_1708117059596{padding-top: 0px !important;padding-right: 8% !important;padding-bottom: 0px !important;padding-left: 8% !important;}&#8221;][vc_column][ess_grid alias=&#8221;totalprojects&#8221;][\/vc_column][\/vc_row][vc_row css=&#8221;.vc_custom_1708117069254{padding-top: 50px !important;padding-right: 12% !important;padding-bottom: 50px !important;padding-left: 12% !important;}&#8221;][vc_column width=&#8221;1\/6&#8243;][\/vc_column][vc_column width=&#8221;2\/3&#8243;][vc_column_text]\n<h3 style=\"text-align: center;\"><strong style=\"font-size: 25px;\">Beg\u00e4r information om v\u00e5ra tj\u00e4nster<\/strong><\/h3>\n[\/vc_column_text][vc_column_text]Tack f\u00f6r att du bes\u00f6ker v\u00e5r webbplats f\u00f6r Acero Estudio <strong><a href=\"https:\/\/aceroestudio.com\/\">topografif\u00f6retag<\/a><\/strong>. Vi \u00e4r specialiserade p\u00e5 att erbjuda konsulttj\u00e4nster f\u00f6r bygg-, arkitektur- och ingenj\u00f6rssektorerna. Kom ih\u00e5g att v\u00e5r specialitet \u00e4r att fr\u00e4mja en korrekt utveckling av byggprojekt som \u00e4r s\u00e4kra, h\u00e5llbara och med l\u00e5g risk.<\/p>\n<p>L\u00e4r dig mer om v\u00e5ra tj\u00e4nster och om du vill kontakta oss, st\u00e5r vi till ditt f\u00f6rfogande:<\/p>\n<p>&#8211; <a href=\"https:\/\/aceroestudio.com\/servicios-de-topografia\/\">Topografitj\u00e4nst<\/a><br \/>\n&#8211; <a href=\"https:\/\/aceroestudio.com\/levantamiento-topografico\/\">Topografisk uppm\u00e4tning<\/a><br \/>\n&#8211; <a href=\"https:\/\/aceroestudio.com\/topografia-con-drones\/\">Topografi med dr\u00f6nare<\/a><br \/>\n&#8211; <a href=\"https:\/\/aceroestudio.com\/fotogrametria-con-drones\/\">Fotogrammetri med dr\u00f6nare<\/a><br \/>\n&#8211; <a href=\"https:\/\/aceroestudio.com\/servicios-lidar\/\">LIDAR-tj\u00e4nst<\/a><br \/>\n&#8211; <a href=\"https:\/\/aceroestudio.com\/laser-escaner-3d\/\">3D-laserskanning<\/a><br \/>\n&#8211; <a href=\"https:\/\/aceroestudio.com\/consultoria-bim\/\">BIM-konsulttj\u00e4nster<\/a><br \/>\n&#8211; <a href=\"https:\/\/aceroestudio.com\/modelado-bim\/\">BIM-modellering<\/a>[\/vc_column_text][\/vc_column][vc_column width=&#8221;1\/6&#8243;][\/vc_column][\/vc_row]\n<\/div>","protected":false},"excerpt":{"rendered":"[vc_row css=&#8221;.vc_custom_1764807125646{padding-top: 60px !important;padding-right: 12% !important;padding-bottom: 40px !important;padding-left: 12% !important;}&#8221;][vc_column width=&#8221;1\/6&#8243;][\/vc_column][vc_column width=&#8221;2\/3&#8243;][vc_column_text] Genomf\u00f6rda projekt L\u00e4r dig mer om v\u00e5ra projekt utvecklade inom BIM-konsulttj\u00e4nster, topografitj\u00e4nster och fotogrammetri med dr\u00f6nare. [\/vc_column_text][\/vc_column][vc_column width=&#8221;1\/6&#8243;][\/vc_column][\/vc_row][vc_row css=&#8221;.vc_custom_1708117059596{padding-top: 0px !important;padding-right: 8% !important;padding-bottom: 0px !important;padding-left: 8% !important;}&#8221;][vc_column][ess_grid alias=&#8221;totalprojects&#8221;][\/vc_column][\/vc_row][vc_row css=&#8221;.vc_custom_1708117069254{padding-top: 50px !important;padding-right: 12% !important;padding-bottom: 50px !important;padding-left: 12% !important;}&#8221;][vc_column width=&#8221;1\/6&#8243;][\/vc_column][vc_column width=&#8221;2\/3&#8243;][vc_column_text] Beg\u00e4r information om v\u00e5ra tj\u00e4nster [\/vc_column_text][vc_column_text]Tack f\u00f6r att du bes\u00f6ker v\u00e5r webbplats f\u00f6r Acero Estudio topografif\u00f6retag. Vi \u00e4r specialiserade p\u00e5 att erbjuda konsulttj\u00e4nster f\u00f6r bygg-, arkitektur- och ingenj\u00f6rssektorerna. Kom ih\u00e5g att v\u00e5r specialitet \u00e4r att fr\u00e4mja en korrekt utveckling av byggprojekt som \u00e4r s\u00e4kra, h\u00e5llbara och med l\u00e5g risk. L\u00e4r dig mer om v\u00e5ra tj\u00e4nster och om du vill kontakta oss, st\u00e5r vi till ditt f\u00f6rfogande: &#8211; Topografitj\u00e4nst &#8211; Topografisk uppm\u00e4tning &#8211; Topografi med dr\u00f6nare &#8211; Fotogrammetri med dr\u00f6nare &#8211; LIDAR-tj\u00e4nst &#8211; 3D-laserskanning &#8211; BIM-konsulttj\u00e4nster &#8211; BIM-modellering[\/vc_column_text][\/vc_column][vc_column width=&#8221;1\/6&#8243;][\/vc_column][\/vc_row]\n","protected":false},"author":12,"featured_media":0,"parent":0,"menu_order":0,"comment_status":"closed","ping_status":"closed","template":"page-blank.php","meta":{"_joinchat":[],"footnotes":""},"class_list":["post-7207","page","type-page","status-publish","hentry"],"yoast_head":"<!-- This site is optimized with the Yoast SEO plugin v27.0 - https:\/\/yoast.com\/product\/yoast-seo-wordpress\/ -->\n<title>BIM, CAD och topografiprojekt<\/title>\n<meta name=\"description\" content=\"Projekt genomf\u00f6rda av Acero Estudio inom BIM-konsulttj\u00e4nster, CAD-design och modellering samt topografiska unders\u00f6kningar \u00f6ver hela v\u00e4rlden.\" \/>\n<meta name=\"robots\" content=\"index, follow, max-snippet:-1, max-image-preview:large, max-video-preview:-1\" \/>\n<link rel=\"canonical\" href=\"https:\/\/aceroestudio.com\/sv\/projekt\/\" \/>\n<meta property=\"og:locale\" content=\"sv_SE\" \/>\n<meta property=\"og:type\" content=\"article\" \/>\n<meta property=\"og:title\" content=\"BIM, CAD och topografiprojekt\" \/>\n<meta property=\"og:description\" content=\"Projekt genomf\u00f6rda av Acero Estudio inom BIM-konsulttj\u00e4nster, CAD-design och modellering samt topografiska unders\u00f6kningar \u00f6ver hela v\u00e4rlden.\" \/>\n<meta property=\"og:url\" content=\"https:\/\/aceroestudio.com\/sv\/projekt\/\" \/>\n<meta property=\"og:site_name\" content=\"Acero Estudio\" \/>\n<meta property=\"article:modified_time\" content=\"2025-12-22T22:46:18+00:00\" \/>\n<meta name=\"twitter:card\" content=\"summary_large_image\" \/>\n<meta name=\"twitter:label1\" content=\"Ber\u00e4knad l\u00e4stid\" \/>\n\t<meta name=\"twitter:data1\" content=\"1 minut\" \/>\n<script type=\"application\/ld+json\" class=\"yoast-schema-graph\">{\"@context\":\"https:\/\/schema.org\",\"@graph\":[{\"@type\":\"WebPage\",\"@id\":\"https:\/\/aceroestudio.com\/sv\/projekt\/\",\"url\":\"https:\/\/aceroestudio.com\/sv\/projekt\/\",\"name\":\"BIM, CAD och topografiprojekt\",\"isPartOf\":{\"@id\":\"https:\/\/aceroestudio.com\/#website\"},\"datePublished\":\"2025-12-22T22:25:48+00:00\",\"dateModified\":\"2025-12-22T22:46:18+00:00\",\"description\":\"Projekt genomf\u00f6rda av Acero Estudio inom BIM-konsulttj\u00e4nster, CAD-design och modellering samt topografiska unders\u00f6kningar \u00f6ver hela v\u00e4rlden.\",\"breadcrumb\":{\"@id\":\"https:\/\/aceroestudio.com\/sv\/projekt\/#breadcrumb\"},\"inLanguage\":\"sv-SE\",\"potentialAction\":[{\"@type\":\"ReadAction\",\"target\":[\"https:\/\/aceroestudio.com\/sv\/projekt\/\"]}]},{\"@type\":\"BreadcrumbList\",\"@id\":\"https:\/\/aceroestudio.com\/sv\/projekt\/#breadcrumb\",\"itemListElement\":[{\"@type\":\"ListItem\",\"position\":1,\"name\":\"Portada\",\"item\":\"https:\/\/aceroestudio.com\/\"},{\"@type\":\"ListItem\",\"position\":2,\"name\":\"Projekt\"}]},{\"@type\":\"WebSite\",\"@id\":\"https:\/\/aceroestudio.com\/#website\",\"url\":\"https:\/\/aceroestudio.com\/\",\"name\":\"Acero Estudio\",\"description\":\"Laser Scanning, BIM, CAD, Topograf\u00eda, Dron y Gemelo Digital.\",\"publisher\":{\"@id\":\"https:\/\/aceroestudio.com\/#organization\"},\"potentialAction\":[{\"@type\":\"SearchAction\",\"target\":{\"@type\":\"EntryPoint\",\"urlTemplate\":\"https:\/\/aceroestudio.com\/?s={search_term_string}\"},\"query-input\":{\"@type\":\"PropertyValueSpecification\",\"valueRequired\":true,\"valueName\":\"search_term_string\"}}],\"inLanguage\":\"sv-SE\"},{\"@type\":\"Organization\",\"@id\":\"https:\/\/aceroestudio.com\/#organization\",\"name\":\"ACERO ESTUDIO\",\"url\":\"https:\/\/aceroestudio.com\/\",\"logo\":{\"@type\":\"ImageObject\",\"inLanguage\":\"sv-SE\",\"@id\":\"https:\/\/aceroestudio.com\/#\/schema\/logo\/image\/\",\"url\":\"https:\/\/aceroestudio.com\/wp-content\/uploads\/2020\/08\/ACERO-V1.png\",\"contentUrl\":\"https:\/\/aceroestudio.com\/wp-content\/uploads\/2020\/08\/ACERO-V1.png\",\"width\":736,\"height\":238,\"caption\":\"ACERO ESTUDIO\"},\"image\":{\"@id\":\"https:\/\/aceroestudio.com\/#\/schema\/logo\/image\/\"}}]}<\/script>\n<!-- \/ Yoast SEO plugin. -->","yoast_head_json":{"title":"BIM, CAD och topografiprojekt","description":"Projekt genomf\u00f6rda av Acero Estudio inom BIM-konsulttj\u00e4nster, CAD-design och modellering samt topografiska unders\u00f6kningar \u00f6ver hela v\u00e4rlden.","robots":{"index":"index","follow":"follow","max-snippet":"max-snippet:-1","max-image-preview":"max-image-preview:large","max-video-preview":"max-video-preview:-1"},"canonical":"https:\/\/aceroestudio.com\/sv\/projekt\/","og_locale":"sv_SE","og_type":"article","og_title":"BIM, CAD och topografiprojekt","og_description":"Projekt genomf\u00f6rda av Acero Estudio inom BIM-konsulttj\u00e4nster, CAD-design och modellering samt topografiska unders\u00f6kningar \u00f6ver hela v\u00e4rlden.","og_url":"https:\/\/aceroestudio.com\/sv\/projekt\/","og_site_name":"Acero Estudio","article_modified_time":"2025-12-22T22:46:18+00:00","twitter_card":"summary_large_image","twitter_misc":{"Ber\u00e4knad l\u00e4stid":"1 minut"},"schema":{"@context":"https:\/\/schema.org","@graph":[{"@type":"WebPage","@id":"https:\/\/aceroestudio.com\/sv\/projekt\/","url":"https:\/\/aceroestudio.com\/sv\/projekt\/","name":"BIM, CAD och topografiprojekt","isPartOf":{"@id":"https:\/\/aceroestudio.com\/#website"},"datePublished":"2025-12-22T22:25:48+00:00","dateModified":"2025-12-22T22:46:18+00:00","description":"Projekt genomf\u00f6rda av Acero Estudio inom BIM-konsulttj\u00e4nster, CAD-design och modellering samt topografiska unders\u00f6kningar \u00f6ver hela v\u00e4rlden.","breadcrumb":{"@id":"https:\/\/aceroestudio.com\/sv\/projekt\/#breadcrumb"},"inLanguage":"sv-SE","potentialAction":[{"@type":"ReadAction","target":["https:\/\/aceroestudio.com\/sv\/projekt\/"]}]},{"@type":"BreadcrumbList","@id":"https:\/\/aceroestudio.com\/sv\/projekt\/#breadcrumb","itemListElement":[{"@type":"ListItem","position":1,"name":"Portada","item":"https:\/\/aceroestudio.com\/"},{"@type":"ListItem","position":2,"name":"Projekt"}]},{"@type":"WebSite","@id":"https:\/\/aceroestudio.com\/#website","url":"https:\/\/aceroestudio.com\/","name":"Acero Estudio","description":"Laser Scanning, BIM, CAD, Topograf\u00eda, Dron y Gemelo Digital.","publisher":{"@id":"https:\/\/aceroestudio.com\/#organization"},"potentialAction":[{"@type":"SearchAction","target":{"@type":"EntryPoint","urlTemplate":"https:\/\/aceroestudio.com\/?s={search_term_string}"},"query-input":{"@type":"PropertyValueSpecification","valueRequired":true,"valueName":"search_term_string"}}],"inLanguage":"sv-SE"},{"@type":"Organization","@id":"https:\/\/aceroestudio.com\/#organization","name":"ACERO ESTUDIO","url":"https:\/\/aceroestudio.com\/","logo":{"@type":"ImageObject","inLanguage":"sv-SE","@id":"https:\/\/aceroestudio.com\/#\/schema\/logo\/image\/","url":"https:\/\/aceroestudio.com\/wp-content\/uploads\/2020\/08\/ACERO-V1.png","contentUrl":"https:\/\/aceroestudio.com\/wp-content\/uploads\/2020\/08\/ACERO-V1.png","width":736,"height":238,"caption":"ACERO ESTUDIO"},"image":{"@id":"https:\/\/aceroestudio.com\/#\/schema\/logo\/image\/"}}]}},"_links":{"self":[{"href":"https:\/\/aceroestudio.com\/sv\/wp-json\/wp\/v2\/pages\/7207","targetHints":{"allow":["GET"]}}],"collection":[{"href":"https:\/\/aceroestudio.com\/sv\/wp-json\/wp\/v2\/pages"}],"about":[{"href":"https:\/\/aceroestudio.com\/sv\/wp-json\/wp\/v2\/types\/page"}],"author":[{"embeddable":true,"href":"https:\/\/aceroestudio.com\/sv\/wp-json\/wp\/v2\/users\/12"}],"replies":[{"embeddable":true,"href":"https:\/\/aceroestudio.com\/sv\/wp-json\/wp\/v2\/comments?post=7207"}],"version-history":[{"count":3,"href":"https:\/\/aceroestudio.com\/sv\/wp-json\/wp\/v2\/pages\/7207\/revisions"}],"predecessor-version":[{"id":7210,"href":"https:\/\/aceroestudio.com\/sv\/wp-json\/wp\/v2\/pages\/7207\/revisions\/7210"}],"wp:attachment":[{"href":"https:\/\/aceroestudio.com\/sv\/wp-json\/wp\/v2\/media?parent=7207"}],"curies":[{"name":"wp","href":"https:\/\/api.w.org\/{rel}","templated":true}]}}